{"id":117,"date":"2020-04-23T10:35:45","date_gmt":"2020-04-23T10:35:45","guid":{"rendered":"https:\/\/vs-nms-ellenkey.at\/wordpress\/?page_id=117"},"modified":"2020-12-13T15:24:41","modified_gmt":"2020-12-13T15:24:41","slug":"mobile-betreuung","status":"publish","type":"page","link":"https:\/\/schule-ellenkey.at\/?page_id=117","title":{"rendered":"Mobile Betreuung"},"content":{"rendered":"<p>Wir bieten Unterst\u00fctzung f\u00fcr Allgemeine Pflichtschulen (APS) im Bereich der Verhaltensp\u00e4dagogik an. Mobile, speziell ausgebildete P\u00e4dagogen*innen der VS und MS Ellen Key arbeiten nach einer systemischen Grundhaltung, die sich zeigt durch:<\/p>\n<ul>\n<li>die Einbeziehung aller bedeutenden Lebenswelten der Sch\u00fcler*innen<\/li>\n<li>eine ganzheitliche Betrachtung der Situation<\/li>\n<li>ein wertsch\u00e4tzendes Menschenbild<\/li>\n<\/ul>\n<p>Das Ziel der mobilen Betreuung ist es, den Verbleib der Sch\u00fclerin oder des Sch\u00fclers an der Stammschule zu erm\u00f6glichen.<\/p>\n<p><img fetchpriority=\"high\" decoding=\"async\" src=\"https:\/\/schule-ellenkey.at\/wp-content\/uploads\/2020\/05\/BL_Collage_1-1-300x200.jpg\" alt=\"\" width=\"449\" height=\"300\" class=\"wp-image-679 aligncenter\" srcset=\"https:\/\/schule-ellenkey.at\/wp-content\/uploads\/2020\/05\/BL_Collage_1-1-300x200.jpg 300w, https:\/\/schule-ellenkey.at\/wp-content\/uploads\/2020\/05\/BL_Collage_1-1-1024x682.jpg 1024w, https:\/\/schule-ellenkey.at\/wp-content\/uploads\/2020\/05\/BL_Collage_1-1-768x512.jpg 768w, https:\/\/schule-ellenkey.at\/wp-content\/uploads\/2020\/05\/BL_Collage_1-1-360x240.jpg 360w, https:\/\/schule-ellenkey.at\/wp-content\/uploads\/2020\/05\/BL_Collage_1-1.jpg 1181w\" sizes=\"(max-width: 449px) 100vw, 449px\" \/><\/p>\n<p><strong>Beratungslehrer*innen<\/strong><\/p>\n<ul>\n<li>Beratungs- und Informationsgespr\u00e4che mit Eltern, Lehrer*innen und Sch\u00fcler*innen<\/li>\n<li>Lehrercoaching<\/li>\n<li>Verhaltensp\u00e4dagogische Betreuung von einzelnen Sch\u00fcler*innen oder Klassen<\/li>\n<li>Verhaltensp\u00e4dagogische Diagnostik und daraus folgende Interventionen<\/li>\n<li>Soziales Lernen und Begleitung von Projekten zu psychosozialen Themen<\/li>\n<li>Bildung und Pflege von Unterst\u00fctzungsnetzwerken<\/li>\n<\/ul>\n<p><img decoding=\"async\" src=\"https:\/\/schule-ellenkey.at\/wp-content\/uploads\/2020\/05\/BL_Collage_2-300x200.jpg\" alt=\"\" width=\"451\" height=\"300\" class=\"wp-image-681 aligncenter\" srcset=\"https:\/\/schule-ellenkey.at\/wp-content\/uploads\/2020\/05\/BL_Collage_2-300x200.jpg 300w, https:\/\/schule-ellenkey.at\/wp-content\/uploads\/2020\/05\/BL_Collage_2-1024x682.jpg 1024w, https:\/\/schule-ellenkey.at\/wp-content\/uploads\/2020\/05\/BL_Collage_2-768x512.jpg 768w, https:\/\/schule-ellenkey.at\/wp-content\/uploads\/2020\/05\/BL_Collage_2-360x240.jpg 360w, https:\/\/schule-ellenkey.at\/wp-content\/uploads\/2020\/05\/BL_Collage_2.jpg 1181w\" sizes=\"(max-width: 451px) 100vw, 451px\" \/><\/p>\n<p><strong>Verhaltensp\u00e4dagogischer Intensiveinsatz<\/strong><\/p>\n<ul>\n<li>Begleitung und Unterst\u00fctzung von Sch\u00fcler*innen in ihrer sozialen und emotionalen Entwicklung in der Klasse<\/li>\n<li>Kollegiale Beratung<\/li>\n<li>Beratung von Erziehungsberechtigten<\/li>\n<\/ul>\n<p><strong>TKS Team \u2013 T\u00e4ter*innen konfrontieren und sensibilisieren<\/strong><\/p>\n<ul>\n<li>\u00a0Kurzzeitintervention bei schulischen Gewaltsituationen<\/li>\n<li>Arbeit mit Sch\u00fcler*innen, die an ihrer Schule aktiv an erheblichen Gewaltaktionen teilgenommen haben<\/li>\n<li>Unterst\u00fctzung bei der Auseinandersetzung mit ihren Gewaltaktionen<\/li>\n<li>Hilfe beim Aufbau von Kompetenzen f\u00fcr eine gewaltfreie Gespr\u00e4chs- und Konfliktkultur<\/li>\n<\/ul>\n<p><strong>Einzelfallintervention &#8211; Akuteinsatz\u00a0<\/strong><\/p>\n<ul>\n<li>Punktueller, tempor\u00e4r begrenzter Einsatz eines Beratungslehrer*innenteams nach einem klar festgelegten Prozedere<\/li>\n<\/ul>\n","protected":false},"excerpt":{"rendered":"<p>Wir bieten Unterst\u00fctzung f\u00fcr Allgemeine Pflichtschulen (APS) im Bereich der Verhaltensp\u00e4dagogik an. Mobile, speziell ausgebildete P\u00e4dagogen*innen der VS und MS Ellen Key arbeiten nach einer systemischen Grundhaltung, die sich zeigt durch: die Einbeziehung aller bedeutenden Lebenswelten der Sch\u00fcler*innen eine ganzheitliche Betrachtung der Situation ein wertsch\u00e4tzendes Menschenbild Das Ziel der mobilen [&hellip;]<\/p>\n","protected":false},"author":1,"featured_media":0,"parent":0,"menu_order":0,"comment_status":"closed","ping_status":"closed","template":"","meta":{"footnotes":""},"class_list":["post-117","page","type-page","status-publish","hentry"],"jetpack_sharing_enabled":true,"_links":{"self":[{"href":"https:\/\/schule-ellenkey.at\/index.php?rest_route=\/wp\/v2\/pages\/117","targetHints":{"allow":["GET"]}}],"collection":[{"href":"https:\/\/schule-ellenkey.at\/index.php?rest_route=\/wp\/v2\/pages"}],"about":[{"href":"https:\/\/schule-ellenkey.at\/index.php?rest_route=\/wp\/v2\/types\/page"}],"author":[{"embeddable":true,"href":"https:\/\/schule-ellenkey.at\/index.php?rest_route=\/wp\/v2\/users\/1"}],"replies":[{"embeddable":true,"href":"https:\/\/schule-ellenkey.at\/index.php?rest_route=%2Fwp%2Fv2%2Fcomments&post=117"}],"version-history":[{"count":23,"href":"https:\/\/schule-ellenkey.at\/index.php?rest_route=\/wp\/v2\/pages\/117\/revisions"}],"predecessor-version":[{"id":905,"href":"https:\/\/schule-ellenkey.at\/index.php?rest_route=\/wp\/v2\/pages\/117\/revisions\/905"}],"wp:attachment":[{"href":"https:\/\/schule-ellenkey.at\/index.php?rest_route=%2Fwp%2Fv2%2Fmedia&parent=117"}],"curies":[{"name":"wp","href":"https:\/\/api.w.org\/{rel}","templated":true}]}}