{"id":25,"date":"2020-04-21T06:40:40","date_gmt":"2020-04-21T06:40:40","guid":{"rendered":"https:\/\/vs-nms-ellenkey.at\/wordpress\/?page_id=25"},"modified":"2020-05-07T22:42:25","modified_gmt":"2020-05-07T22:42:25","slug":"startseite","status":"publish","type":"page","link":"https:\/\/schule-ellenkey.at\/","title":{"rendered":"Startseite"},"content":{"rendered":"\t\t<div data-elementor-type=\"wp-page\" data-elementor-id=\"25\" class=\"elementor elementor-25\">\n\t\t\t\t\t\t<section class=\"elementor-section elementor-top-section elementor-element elementor-element-7e9af05 elementor-section-full_width elementor-section-height-default elementor-section-height-default\" data-id=\"7e9af05\" data-element_type=\"section\" data-e-type=\"section\">\n\t\t\t\t\t\t<div class=\"elementor-container elementor-column-gap-default\">\n\t\t\t\t\t<div class=\"elementor-column elementor-col-100 elementor-top-column elementor-element elementor-element-7871a32\" data-id=\"7871a32\" data-element_type=\"column\" data-e-type=\"column\">\n\t\t\t<div class=\"elementor-widget-wrap elementor-element-populated\">\n\t\t\t\t\t\t<div class=\"elementor-element elementor-element-6af0dcd elementor-widget elementor-widget-text-editor\" data-id=\"6af0dcd\" data-element_type=\"widget\" data-e-type=\"widget\" data-widget_type=\"text-editor.default\">\n\t\t\t\t<div class=\"elementor-widget-container\">\n\t\t\t\t\t\t\t\t\t<h1 aria-level=\"1\"><strong><span style=\"color: #ccffcc;\">\u00dcber unsere Schule<span data-ccp-props=\"{\" 201341983=\"\" :0=\"\" 335551550=\"\" :1=\"\" 335551620=\"\" 335559738=\"\" :240=\"\" 335559739=\"\" 335559740=\"\" :259=\"\">\u00a0<\/span><span data-ccp-props=\"{\" 201341983=\"\" :0=\"\" 335551550=\"\" :1=\"\" 335551620=\"\" 335559739=\"\" :160=\"\" 335559740=\"\" :259=\"\">\u00a0<\/span><\/span><\/strong><\/h1><h3 aria-level=\"3\">Die Ellen-Key-Schule hat es sich zur Aufgabe gemacht, Kinder und Jugendliche aufzufangen, die aufgrund ihrer schwierigen Lebensumst\u00e4nde im Regelschulsystem an Grenzen sto\u00dfen. Mit Herz, Engagement und Know-how wird einerseits ein breites Angebotsspektrum bedient, um m\u00f6glichst flexibel auf die Bed\u00fcrfnisse unserer Sch\u00fcler*innen reagieren zu k\u00f6nnen, und andererseits steht das Schwerpunktzentrum f\u00fcr Verhaltensp\u00e4dagogik den Regelschulen mit Fachexpertise und vielf\u00e4ltigen Unterst\u00fctzungsm\u00f6glichkeiten zur Seite.\u202f\u00a0<span data-ccp-props=\"{\" 201341983=\"\" :0=\"\" 335551550=\"\" :1=\"\" 335551620=\"\" 335559738=\"\" :40=\"\" 335559739=\"\" 335559740=\"\" :259=\"\">\u00a0<\/span><\/h3><h3 aria-level=\"3\"><span style=\"color: #ccffff;\"><i>\u201eDurch gr\u00f6\u00dfere Empf\u00e4nglichkeit und Ehrfurcht vor der Pers\u00f6nlichkeit des anderen entdeckt man in ihm oft mehr, als man erwartet hat.\u201c\u202f\u00a0<\/i><span data-ccp-props=\"{\" 201341983=\"\" :0=\"\" 335551550=\"\" :1=\"\" 335551620=\"\" 335559738=\"\" :40=\"\" 335559739=\"\" 335559740=\"\" :259=\"\">\u00a0<\/span><\/span><\/h3><h5 aria-level=\"3\"><span data-contrast=\"none\">Ellen Key (1849 \u2013 1929), schwedische Reformp\u00e4dagogin, stellt die Pers\u00f6nlichkeit des Kindes in den Mittelpunkt<\/span><span data-contrast=\"none\">\u00a0<\/span><span data-contrast=\"none\">ihres p\u00e4dagogischen Wirkens.<\/span><span data-contrast=\"none\">\u202f<\/span><span data-ccp-props=\"{\" 201341983=\"\" :0=\"\" 335551550=\"\" :1=\"\" 335551620=\"\" 335559738=\"\" :40=\"\" 335559739=\"\" 335559740=\"\" :259=\"\">\u00a0<\/span><\/h5>\t\t\t\t\t\t\t\t<\/div>\n\t\t\t\t<\/div>\n\t\t\t\t\t<\/div>\n\t\t<\/div>\n\t\t\t\t\t<\/div>\n\t\t<\/section>\n\t\t\t\t<\/div>\n\t\t","protected":false},"excerpt":{"rendered":"<p>\u00dcber unsere Schule\u00a0\u00a0 Die Ellen-Key-Schule hat es sich zur Aufgabe gemacht, Kinder und Jugendliche aufzufangen, die aufgrund ihrer schwierigen Lebensumst\u00e4nde im Regelschulsystem an Grenzen sto\u00dfen. Mit Herz, Engagement und Know-how wird einerseits ein breites Angebotsspektrum bedient, um m\u00f6glichst flexibel auf die Bed\u00fcrfnisse unserer Sch\u00fcler*innen reagieren zu k\u00f6nnen, und andererseits steht [&hellip;]<\/p>\n","protected":false},"author":1,"featured_media":332,"parent":0,"menu_order":0,"comment_status":"closed","ping_status":"closed","template":"","meta":{"footnotes":""},"class_list":["post-25","page","type-page","status-publish","has-post-thumbnail","hentry"],"jetpack_sharing_enabled":true,"_links":{"self":[{"href":"https:\/\/schule-ellenkey.at\/index.php?rest_route=\/wp\/v2\/pages\/25","targetHints":{"allow":["GET"]}}],"collection":[{"href":"https:\/\/schule-ellenkey.at\/index.php?rest_route=\/wp\/v2\/pages"}],"about":[{"href":"https:\/\/schule-ellenkey.at\/index.php?rest_route=\/wp\/v2\/types\/page"}],"author":[{"embeddable":true,"href":"https:\/\/schule-ellenkey.at\/index.php?rest_route=\/wp\/v2\/users\/1"}],"replies":[{"embeddable":true,"href":"https:\/\/schule-ellenkey.at\/index.php?rest_route=%2Fwp%2Fv2%2Fcomments&post=25"}],"version-history":[{"count":13,"href":"https:\/\/schule-ellenkey.at\/index.php?rest_route=\/wp\/v2\/pages\/25\/revisions"}],"predecessor-version":[{"id":501,"href":"https:\/\/schule-ellenkey.at\/index.php?rest_route=\/wp\/v2\/pages\/25\/revisions\/501"}],"wp:featuredmedia":[{"embeddable":true,"href":"https:\/\/schule-ellenkey.at\/index.php?rest_route=\/wp\/v2\/media\/332"}],"wp:attachment":[{"href":"https:\/\/schule-ellenkey.at\/index.php?rest_route=%2Fwp%2Fv2%2Fmedia&parent=25"}],"curies":[{"name":"wp","href":"https:\/\/api.w.org\/{rel}","templated":true}]}}